{"id":1205,"date":"2021-11-15T19:24:18","date_gmt":"2021-11-15T19:24:18","guid":{"rendered":"http:\/\/bobasowo.com.pl\/bobasowo\/?page_id=1205"},"modified":"2022-09-02T15:02:16","modified_gmt":"2022-09-02T15:02:16","slug":"bezpieczenstwo","status":"publish","type":"page","link":"https:\/\/bobasowo.com.pl\/gdecka\/bezpieczenstwo\/","title":{"rendered":"Bezpiecze\u0144stwo"},"content":{"rendered":"<div id=\"pl-1205\"  class=\"panel-layout\" ><div id=\"pg-1205-0\"  class=\"panel-grid panel-no-style\" ><div id=\"pgc-1205-0-0\"  class=\"panel-grid-cell\" ><\/div><\/div><div id=\"pg-1205-1\"  class=\"panel-grid panel-has-style\" ><div class=\"siteorigin-panels-stretch panel-row-style panel-row-style-for-1205-1\" data-stretch-type=\"full\" ><div id=\"pgc-1205-1-0\"  class=\"panel-grid-cell\" ><div id=\"panel-1205-1-0-0\" class=\"so-panel widget widget_themegrill_flash_heading tg-widget section-title-wrapper panel-first-child panel-last-child\" data-index=\"1\" >\t<h3 class=\"section-title\">BEZPIECZE\u0143STWO W \u017b\u0141OBKU BOBASOWO<\/h3>\n<\/div><\/div><\/div><\/div><div id=\"pg-1205-2\"  class=\"panel-grid panel-has-style\" ><div class=\"siteorigin-panels-stretch panel-row-style panel-row-style-for-1205-2\" data-stretch-type=\"full\" ><div id=\"pgc-1205-2-0\"  class=\"panel-grid-cell\" ><div id=\"panel-1205-2-0-0\" class=\"so-panel widget widget_text panel-first-child panel-last-child\" data-index=\"2\" >\t\t\t<div class=\"textwidget\"><p>Bezpiecze\u0144stwo dzieci jest niezwykle istotn\u0105 kwesti\u0105, dlatego ka\u017cdego dnia dok\u0142adamy wszelkich stara\u0144, by ka\u017cde dziecko by\u0142o w naszym \u017c\u0142obku bezpieczne. Nasz \u017c\u0142obek zosta\u0142 zaprojektowany w taki spos\u00f3b, aby prawid\u0142owo rozwija\u0107 i zapewnia\u0107 maksymalne bezpiecze\u0144stwo.<\/p>\n<p>Z t\u0105 my\u015bl\u0105 zosta\u0142a r\u00f3wnie\u017c wybrana lokalizacja naszego \u017c\u0142obka, kt\u00f3ry znajduje si\u0119 w miejscu, gdzie jest ograniczony ruch samochod\u00f3w. \u017b\u0142obek posiada sw\u00f3j przyjazny plac zabaw, kt\u00f3ry r\u00f3wnie\u017c zapewnia bezpiecze\u0144stwo podczas sp\u0119dzania czasu na \u015bwie\u017cym powietrzu. Wykwalifikowana kadra zapewnia dzieciom prawid\u0142ow\u0105 opiek\u0119 ka\u017cdego dnia. Wszystkie dzieci sp\u0119dzaj\u0105ce czas w naszym \u017c\u0142obku mog\u0105 czu\u0107 si\u0119 bezpiecznie, gdy\u017c wszelkie wymogi zosta\u0142y zaakceptowane przez Powiatow\u0105 Stacj\u0119 Sanitarno-Epidemiologiczn\u0105 w Warszawie oraz przez Pa\u0144stwow\u0105 Stra\u017c Po\u017carn\u0105 w Warszawie, kt\u00f3re jednocze\u015bnie dopu\u015bci\u0142y obiekt do prowadzenia dzia\u0142alno\u015bci wychowawczo-opieku\u0144czej.<\/p>\n<p><strong>Bezpiecze\u0144stwo najm\u0142odszych to dla nas priorytet, dlatego:<\/strong><\/p>\n<ul>\n<li>wszystkie zabawki posiadaj\u0105 oznaczenia certyfikat\u00f3w potwierdzaj\u0105ce ich bezpiecze\u0144stwo u\u017cytkowania<\/li>\n<li>\u017c\u0142obek usytuowany jest w kameralnej okolicy bez nat\u0119\u017cenia ruchu samochod\u00f3w<\/li>\n<li>nad bezpiecze\u0144stwem czuwa wykwalifikowana kadra<\/li>\n<li>zakupione meble posiadaj\u0105 certyfikaty bezpiecze\u0144stwa i dostosowane s\u0105 do wymog\u00f3w u\u017cytkowych<\/li>\n<li>materia\u0142y, kt\u00f3re zosta\u0142y u\u017cyte do wyko\u0144czenia pomieszczenia posiadaj\u0105 atesty higieniczne<\/li>\n<li>na wszystkich kaloryferach znajduj\u0105 si\u0119 os\u0142ony zabezpieczaj\u0105ce<\/li>\n<li>drogi ewakuacyjne zosta\u0142y oznakowane zgodnie z wymogami Pa\u0144stwowej Stra\u017cy Po\u017carnej<\/li>\n<li>pobrane pr\u00f3bki wody spe\u0142niaj\u0105 wymagania norm sanitarnych w badanym zakresie<\/li>\n<\/ul>\n<\/div>\n\t\t<\/div><\/div><\/div><\/div><\/div>","protected":false},"excerpt":{"rendered":"<p>BEZPIECZE\u0143STWO W \u017b\u0141OBKU BOBASOWO Bezpiecze\u0144stwo dzieci jest niezwykle istotn\u0105 kwesti\u0105, dlatego ka\u017cdego dnia dok\u0142adamy wszelkich stara\u0144, by ka\u017cde dziecko by\u0142o [&hellip;]<\/p>\n","protected":false},"author":1,"featured_media":0,"parent":0,"menu_order":0,"comment_status":"closed","ping_status":"closed","template":"page-templates\/pagebuilder.php","meta":{"ngg_post_thumbnail":0,"footnotes":""},"class_list":["post-1205","page","type-page","status-publish","hentry"],"aioseo_notices":[],"_links":{"self":[{"href":"https:\/\/bobasowo.com.pl\/gdecka\/wp-json\/wp\/v2\/pages\/1205","targetHints":{"allow":["GET"]}}],"collection":[{"href":"https:\/\/bobasowo.com.pl\/gdecka\/wp-json\/wp\/v2\/pages"}],"about":[{"href":"https:\/\/bobasowo.com.pl\/gdecka\/wp-json\/wp\/v2\/types\/page"}],"author":[{"embeddable":true,"href":"https:\/\/bobasowo.com.pl\/gdecka\/wp-json\/wp\/v2\/users\/1"}],"replies":[{"embeddable":true,"href":"https:\/\/bobasowo.com.pl\/gdecka\/wp-json\/wp\/v2\/comments?post=1205"}],"version-history":[{"count":0,"href":"https:\/\/bobasowo.com.pl\/gdecka\/wp-json\/wp\/v2\/pages\/1205\/revisions"}],"wp:attachment":[{"href":"https:\/\/bobasowo.com.pl\/gdecka\/wp-json\/wp\/v2\/media?parent=1205"}],"curies":[{"name":"wp","href":"https:\/\/api.w.org\/{rel}","templated":true}]}}