{"id":886,"date":"2021-10-12T20:07:30","date_gmt":"2021-10-12T20:07:30","guid":{"rendered":"http:\/\/bobasowo.com.pl\/bobasowo\/?page_id=886"},"modified":"2023-07-03T10:30:16","modified_gmt":"2023-07-03T10:30:16","slug":"catering","status":"publish","type":"page","link":"https:\/\/bobasowo.com.pl\/gdecka\/catering\/","title":{"rendered":"Catering"},"content":{"rendered":"<div id=\"pl-886\"  class=\"panel-layout\" ><div id=\"pg-886-0\"  class=\"panel-grid panel-no-style\" ><div id=\"pgc-886-0-0\"  class=\"panel-grid-cell\" ><\/div><\/div><div id=\"pg-886-1\"  class=\"panel-grid panel-has-style\" ><div class=\"siteorigin-panels-stretch panel-row-style panel-row-style-for-886-1\" data-stretch-type=\"full\" ><div id=\"pgc-886-1-0\"  class=\"panel-grid-cell\" ><div id=\"panel-886-1-0-0\" class=\"so-panel widget widget_themegrill_flash_heading tg-widget section-title-wrapper panel-first-child\" data-index=\"1\" >\t<h3 class=\"section-title\">Catering<\/h3>\n<\/div><div id=\"panel-886-1-0-1\" class=\"so-panel widget widget_text panel-last-child\" data-index=\"2\" ><div class=\"panel-widget-style panel-widget-style-for-886-1-0-1\" ><h3 class=\"widget-title\">Prawid\u0142owe \u017cywienie jest kluczowe dla zdrowia dzieci,<\/h3>\t\t\t<div class=\"textwidget\"><p>dlatego naszym milusi\u0144skim zapewniamy a\u017c 4 pe\u0142nowarto\u015bciowe posi\u0142ki dziennie, kt\u00f3re obejmuj\u0105:<\/p>\n<ul>\n<li>\u015aniadanie<\/li>\n<li>Przek\u0105sk\u0119 owocowo \u2013 warzywn\u0105<\/li>\n<li>Obiad (zupk\u0119 + drugie danie)<\/li>\n<li>Podwieczorek<\/li>\n<\/ul>\n<p>Wszystkie posi\u0142ki przyrz\u0105dzane s\u0105 zgodnie z programem zdrowego \u017cywienia dla dzieci. Dbaj\u0105c o indywidualne potrzeby \u017cywieniowe dzieci, uwzgl\u0119dniamy diety oraz alergie pokarmowe wymagaj\u0105ce przygotowywania odr\u0119bnych posi\u0142k\u00f3w (np. dieta bezmleczna, bezglutenowa, wegetaria\u0144ska, wega\u0144ska i inne). Dostawc\u0105 naszych smacznych posi\u0142k\u00f3w jest firma &#8222;<a href=\"https:\/\/smakibabcidany.pl\/\">Smaki Babci Dany<\/a>&#8222;. Catering dostosowany do ma\u0142ych brzuszk\u00f3w.<\/p>\n<\/div>\n\t\t<\/div><\/div><\/div><\/div><\/div><\/div>","protected":false},"excerpt":{"rendered":"<p>dlatego naszym milusi\u0144skim zapewniamy a\u017c 4 pe\u0142nowarto\u015bciowe posi\u0142ki dziennie, kt\u00f3re obejmuj\u0105: \u015aniadanie Przek\u0105sk\u0119 owocowo \u2013 warzywn\u0105 Obiad (zupk\u0119 + drugie [&hellip;]<\/p>\n","protected":false},"author":1,"featured_media":0,"parent":0,"menu_order":0,"comment_status":"closed","ping_status":"closed","template":"page-templates\/pagebuilder.php","meta":{"ngg_post_thumbnail":0,"footnotes":""},"class_list":["post-886","page","type-page","status-publish","hentry"],"aioseo_notices":[],"_links":{"self":[{"href":"https:\/\/bobasowo.com.pl\/gdecka\/wp-json\/wp\/v2\/pages\/886","targetHints":{"allow":["GET"]}}],"collection":[{"href":"https:\/\/bobasowo.com.pl\/gdecka\/wp-json\/wp\/v2\/pages"}],"about":[{"href":"https:\/\/bobasowo.com.pl\/gdecka\/wp-json\/wp\/v2\/types\/page"}],"author":[{"embeddable":true,"href":"https:\/\/bobasowo.com.pl\/gdecka\/wp-json\/wp\/v2\/users\/1"}],"replies":[{"embeddable":true,"href":"https:\/\/bobasowo.com.pl\/gdecka\/wp-json\/wp\/v2\/comments?post=886"}],"version-history":[{"count":0,"href":"https:\/\/bobasowo.com.pl\/gdecka\/wp-json\/wp\/v2\/pages\/886\/revisions"}],"wp:attachment":[{"href":"https:\/\/bobasowo.com.pl\/gdecka\/wp-json\/wp\/v2\/media?parent=886"}],"curies":[{"name":"wp","href":"https:\/\/api.w.org\/{rel}","templated":true}]}}