{"id":896,"date":"2021-10-12T20:12:31","date_gmt":"2021-10-12T20:12:31","guid":{"rendered":"http:\/\/bobasowo.com.pl\/bobasowo\/?page_id=896"},"modified":"2022-10-01T12:44:25","modified_gmt":"2022-10-01T12:44:25","slug":"organizacja","status":"publish","type":"page","link":"https:\/\/bobasowo.com.pl\/gdecka\/organizacja\/","title":{"rendered":"Organizacja"},"content":{"rendered":"<div id=\"pl-896\"  class=\"panel-layout\" ><div id=\"pg-896-0\"  class=\"panel-grid panel-no-style\" ><div id=\"pgc-896-0-0\"  class=\"panel-grid-cell\" ><\/div><\/div><div id=\"pg-896-1\"  class=\"panel-grid panel-has-style\" ><div class=\"siteorigin-panels-stretch panel-row-style panel-row-style-for-896-1\" data-stretch-type=\"full\" ><div id=\"pgc-896-1-0\"  class=\"panel-grid-cell\" ><div id=\"panel-896-1-0-0\" class=\"so-panel widget widget_themegrill_flash_heading tg-widget section-title-wrapper panel-first-child\" data-index=\"1\" >\t<h3 class=\"section-title\">Organizacja<\/h3>\n<\/div><div id=\"panel-896-1-0-1\" class=\"so-panel widget widget_text panel-last-child\" data-index=\"2\" ><div class=\"panel-widget-style panel-widget-style-for-896-1-0-1\" >\t\t\t<div class=\"textwidget\"><p>Nasz \u017c\u0142obek przyjmuje dzieci od 6 miesi\u0105ca \u017cycia. Zaj\u0119cia s\u0105 dostosowane do wieku i mo\u017cliwo\u015bci dzieci.<\/p>\n<p>Jeste\u015bmy czynni od poniedzia\u0142ku od poniedzia\u0142ku do pi\u0105tku w godzinach od 7:00 do 18:00.<\/p>\n<p>Zapewniamy zar\u00f3wno opiek\u0119 ca\u0142odzienn\u0105 jak i indywidualne podej\u015bcie.<\/p>\n<p>\u017b\u0142obek otwarty jest przez ca\u0142y rok z wyj\u0105tkiem dni ustawowo wolnych od pracy.<\/p>\n<p>Ju\u017c dzi\u015b <a href=\"https:\/\/bobasowo.com.pl\/rejestracja\/\">wype\u0142nij formularz<\/a> i uzyskaj wi\u0119cej informacji. Odwied\u017a nas na <a href=\"https:\/\/fb.com\/ZlobekBobasowo\">facebook&#8217;u<\/a>.<\/p>\n<p>&nbsp;<\/p>\n<\/div>\n\t\t<\/div><\/div><\/div><\/div><\/div><\/div>","protected":false},"excerpt":{"rendered":"<p>Nasz \u017c\u0142obek przyjmuje dzieci od 6 miesi\u0105ca \u017cycia. Zaj\u0119cia s\u0105 dostosowane do wieku i mo\u017cliwo\u015bci dzieci. Jeste\u015bmy czynni od poniedzia\u0142ku [&hellip;]<\/p>\n","protected":false},"author":1,"featured_media":0,"parent":0,"menu_order":0,"comment_status":"closed","ping_status":"closed","template":"page-templates\/pagebuilder.php","meta":{"ngg_post_thumbnail":0,"footnotes":""},"class_list":["post-896","page","type-page","status-publish","hentry"],"aioseo_notices":[],"_links":{"self":[{"href":"https:\/\/bobasowo.com.pl\/gdecka\/wp-json\/wp\/v2\/pages\/896","targetHints":{"allow":["GET"]}}],"collection":[{"href":"https:\/\/bobasowo.com.pl\/gdecka\/wp-json\/wp\/v2\/pages"}],"about":[{"href":"https:\/\/bobasowo.com.pl\/gdecka\/wp-json\/wp\/v2\/types\/page"}],"author":[{"embeddable":true,"href":"https:\/\/bobasowo.com.pl\/gdecka\/wp-json\/wp\/v2\/users\/1"}],"replies":[{"embeddable":true,"href":"https:\/\/bobasowo.com.pl\/gdecka\/wp-json\/wp\/v2\/comments?post=896"}],"version-history":[{"count":0,"href":"https:\/\/bobasowo.com.pl\/gdecka\/wp-json\/wp\/v2\/pages\/896\/revisions"}],"wp:attachment":[{"href":"https:\/\/bobasowo.com.pl\/gdecka\/wp-json\/wp\/v2\/media?parent=896"}],"curies":[{"name":"wp","href":"https:\/\/api.w.org\/{rel}","templated":true}]}}