{"id":902,"date":"2021-10-12T20:13:38","date_gmt":"2021-10-12T20:13:38","guid":{"rendered":"http:\/\/bobasowo.com.pl\/bobasowo\/?page_id=902"},"modified":"2022-09-02T15:22:20","modified_gmt":"2022-09-02T15:22:20","slug":"wyprawka","status":"publish","type":"page","link":"https:\/\/bobasowo.com.pl\/gdecka\/wyprawka\/","title":{"rendered":"Wyprawka"},"content":{"rendered":"<div id=\"pl-902\"  class=\"panel-layout\" ><div id=\"pg-902-0\"  class=\"panel-grid panel-no-style\" ><div id=\"pgc-902-0-0\"  class=\"panel-grid-cell\" ><\/div><\/div><div id=\"pg-902-1\"  class=\"panel-grid panel-has-style\" ><div class=\"siteorigin-panels-stretch panel-row-style panel-row-style-for-902-1\" data-stretch-type=\"full\" ><div id=\"pgc-902-1-0\"  class=\"panel-grid-cell\" ><div id=\"panel-902-1-0-0\" class=\"so-panel widget widget_themegrill_flash_heading tg-widget section-title-wrapper panel-first-child panel-last-child\" data-index=\"1\" >\t<h3 class=\"section-title\">Wyprawka<\/h3>\n<\/div><\/div><\/div><\/div><div id=\"pg-902-2\"  class=\"panel-grid panel-has-style\" ><div class=\"siteorigin-panels-stretch panel-row-style panel-row-style-for-902-2\" data-stretch-type=\"full\" ><div id=\"pgc-902-2-0\"  class=\"panel-grid-cell\" ><div id=\"panel-902-2-0-0\" class=\"so-panel widget widget_text panel-first-child panel-last-child\" data-index=\"2\" >\t\t\t<div class=\"textwidget\"><h2>Wyprawka &#8211; Co przygotowa\u0107?<\/h2>\n<p>&nbsp;<\/p>\n<ul>\n<li><strong>Uniwersalne ubranko na zmian\u0119:<\/strong> Dwa lub trzy komplety ubranka dla dziecka (body, koszulki rajstopki, spodenki, skarpetki zapakowane w worek lub siatk\u0119) na wypadek, gdyby ubrudzi\u0142o si\u0119 lub zmoczy\u0142o.<\/li>\n<li><strong>Kapcie:<\/strong>\u00a0Zwr\u00f3\u0107 uwag\u0119, aby ich podeszwa nie by\u0142a \u015bliska, co zmniejszy ryzyko bolesnych upadk\u00f3w, mog\u0105 by\u0107 skarpetki antypo\u015blizgowe.<\/li>\n<li><strong>Poduszka i ko\u0142derka:\u00a0<\/strong>Jak wiadomo poobiednia drzemka czy te\u017c chwila odpoczynku jest potrzebna naszym ma\u0142ym szkrabom, by zregenerowa\u0142y si\u0142y. Dziecko wyspane to dziecko radosne i zdrowe.<\/li>\n<li><strong>Po\u015bciel:<\/strong> Powinna by\u0107 wygodna, najlepszym rozwi\u0105zaniem jest zakupienie po\u015bcieli w formie \u015bpiworka. Po\u015bciel k\u0142adzie si\u0119 na le\u017caczku pod pleckami dziecka, a pozosta\u0142a cz\u0119\u015b\u0107 po\u015bcieli s\u0142u\u017cy do przykrycia. Powinna by\u0107 kolorowa, aby dziecko z przyjemno\u015bci\u0105 k\u0142ad\u0142o si\u0119 do \u0142\u00f3\u017ceczka.<\/li>\n<li><strong>Przytulanka<\/strong>: Ulubiony pluszak do zasypiania.<\/li>\n<li><strong>Smoczek (dla dzieci, kt\u00f3re korzystaj\u0105):<\/strong> Smoczek w \u017c\u0142obku pomaga uspokoi\u0107 i u\u015bpi\u0107 dziecko. Dotyczy to zw\u0142aszcza m\u0142odszych maluch\u00f3w.<\/li>\n<li><strong>\u015aliniak: <\/strong>Dzieci cz\u0119sto brudz\u0105 si\u0119 podczas jedzenia &#8211; \u015bliniak, u\u0142atwi utrzymanie ubranka w czysto\u015bci.<\/li>\n<li><strong>Pieluchy<\/strong><\/li>\n<li><strong>Chusteczki nawil\u017caj\u0105ce<\/strong><\/li>\n<\/ul>\n<p>&nbsp;<\/p>\n<p>Warto podpisa\u0107 wszystkie rzeczy dziecka, najlepiej niezmywalnym mazakiem. Pomo\u017ce to nam zachowa\u0107 porz\u0105dek, odnale\u017a\u0107 ewentualn\u0105 zgub\u0119 oraz zminimalizuje ryzyko zamiany przedmiot\u00f3w.<\/p>\n<\/div>\n\t\t<\/div><\/div><\/div><\/div><\/div>","protected":false},"excerpt":{"rendered":"<p>Wyprawka Wyprawka &#8211; Co przygotowa\u0107? &nbsp; Uniwersalne ubranko na zmian\u0119: Dwa lub trzy komplety ubranka dla dziecka (body, koszulki rajstopki, [&hellip;]<\/p>\n","protected":false},"author":1,"featured_media":0,"parent":0,"menu_order":0,"comment_status":"closed","ping_status":"closed","template":"page-templates\/pagebuilder.php","meta":{"ngg_post_thumbnail":0,"footnotes":""},"class_list":["post-902","page","type-page","status-publish","hentry"],"aioseo_notices":[],"_links":{"self":[{"href":"https:\/\/bobasowo.com.pl\/gdecka\/wp-json\/wp\/v2\/pages\/902","targetHints":{"allow":["GET"]}}],"collection":[{"href":"https:\/\/bobasowo.com.pl\/gdecka\/wp-json\/wp\/v2\/pages"}],"about":[{"href":"https:\/\/bobasowo.com.pl\/gdecka\/wp-json\/wp\/v2\/types\/page"}],"author":[{"embeddable":true,"href":"https:\/\/bobasowo.com.pl\/gdecka\/wp-json\/wp\/v2\/users\/1"}],"replies":[{"embeddable":true,"href":"https:\/\/bobasowo.com.pl\/gdecka\/wp-json\/wp\/v2\/comments?post=902"}],"version-history":[{"count":0,"href":"https:\/\/bobasowo.com.pl\/gdecka\/wp-json\/wp\/v2\/pages\/902\/revisions"}],"wp:attachment":[{"href":"https:\/\/bobasowo.com.pl\/gdecka\/wp-json\/wp\/v2\/media?parent=902"}],"curies":[{"name":"wp","href":"https:\/\/api.w.org\/{rel}","templated":true}]}}