{"id":917,"date":"2021-10-12T20:17:37","date_gmt":"2021-10-12T20:17:37","guid":{"rendered":"http:\/\/bobasowo.com.pl\/bobasowo\/?page_id=917"},"modified":"2022-10-01T11:20:02","modified_gmt":"2022-10-01T11:20:02","slug":"nasze-sale","status":"publish","type":"page","link":"https:\/\/bobasowo.com.pl\/gdecka\/nasze-sale\/","title":{"rendered":"Nasze sale"},"content":{"rendered":"<div id=\"pl-917\"  class=\"panel-layout\" ><div id=\"pg-917-0\"  class=\"panel-grid panel-no-style\" ><div id=\"pgc-917-0-0\"  class=\"panel-grid-cell\" ><\/div><\/div><div id=\"pg-917-1\"  class=\"panel-grid panel-has-style\" ><div class=\"siteorigin-panels-stretch panel-row-style panel-row-style-for-917-1\" data-stretch-type=\"full\" ><div id=\"pgc-917-1-0\"  class=\"panel-grid-cell\" ><div id=\"panel-917-1-0-0\" class=\"so-panel widget widget_themegrill_flash_heading tg-widget section-title-wrapper panel-first-child\" data-index=\"1\" >\t<h3 class=\"section-title\">Nasze sale<\/h3>\n\t<div class=\"section-description\">\u017b\u0142obek Bobasowo<\/div>\n<\/div><div id=\"panel-917-1-0-1\" class=\"so-panel widget widget_text panel-last-child\" data-index=\"2\" >\t\t\t<div class=\"textwidget\"><div data-index=\"0\" data-style=\"{&quot;background_image_attachment&quot;:false,&quot;background_display&quot;:&quot;tile&quot;}\">ngg_shortcode_0_placeholder<\/div>\n<div id=\"pl-1722\" class=\"panel-layout\">\n<div id=\"pg-1722-0\" class=\"panel-grid panel-no-style\">\n<div dir=\"auto\"><\/div>\n<div dir=\"auto\">Ju\u017c dzi\u015b <a href=\"https:\/\/bobasowo.com.pl\/rejestracja\/\">wype\u0142nij formularz<\/a> i uzyskaj wi\u0119cej informacji. Odwied\u017a nas na <a href=\"https:\/\/fb.com\/ZlobekBobasowo\">facebook&#8217;u<\/a>.<\/div>\n<\/div>\n<\/div>\n<\/div>\n\t\t<\/div><\/div><\/div><\/div><\/div>","protected":false},"excerpt":{"rendered":"<p>Ju\u017c dzi\u015b wype\u0142nij formularz i uzyskaj wi\u0119cej informacji. Odwied\u017a nas na facebook&#8217;u.<\/p>\n","protected":false},"author":1,"featured_media":0,"parent":0,"menu_order":0,"comment_status":"closed","ping_status":"closed","template":"page-templates\/pagebuilder.php","meta":{"ngg_post_thumbnail":0,"footnotes":""},"class_list":["post-917","page","type-page","status-publish","hentry"],"aioseo_notices":[],"_links":{"self":[{"href":"https:\/\/bobasowo.com.pl\/gdecka\/wp-json\/wp\/v2\/pages\/917","targetHints":{"allow":["GET"]}}],"collection":[{"href":"https:\/\/bobasowo.com.pl\/gdecka\/wp-json\/wp\/v2\/pages"}],"about":[{"href":"https:\/\/bobasowo.com.pl\/gdecka\/wp-json\/wp\/v2\/types\/page"}],"author":[{"embeddable":true,"href":"https:\/\/bobasowo.com.pl\/gdecka\/wp-json\/wp\/v2\/users\/1"}],"replies":[{"embeddable":true,"href":"https:\/\/bobasowo.com.pl\/gdecka\/wp-json\/wp\/v2\/comments?post=917"}],"version-history":[{"count":0,"href":"https:\/\/bobasowo.com.pl\/gdecka\/wp-json\/wp\/v2\/pages\/917\/revisions"}],"wp:attachment":[{"href":"https:\/\/bobasowo.com.pl\/gdecka\/wp-json\/wp\/v2\/media?parent=917"}],"curies":[{"name":"wp","href":"https:\/\/api.w.org\/{rel}","templated":true}]}}