{"id":238,"date":"2023-10-11T15:10:13","date_gmt":"2023-10-11T13:10:13","guid":{"rendered":"https:\/\/bobasowo.com.pl\/harmoni\/?page_id=238"},"modified":"2024-09-23T19:13:09","modified_gmt":"2024-09-23T17:13:09","slug":"wnetrza","status":"publish","type":"page","link":"https:\/\/bobasowo.com.pl\/majdanska\/wnetrza\/","title":{"rendered":"WN\u0118TRZA"},"content":{"rendered":"\t\t<div data-elementor-type=\"wp-page\" data-elementor-id=\"238\" class=\"elementor elementor-238\">\n\t\t\t\t\t\t<section class=\"elementor-section elementor-top-section elementor-element elementor-element-be268b9 elementor-section-boxed elementor-section-height-default elementor-section-height-default\" data-id=\"be268b9\" data-element_type=\"section\">\n\t\t\t\t\t\t<div class=\"elementor-container elementor-column-gap-default\">\n\t\t\t\t\t<div class=\"elementor-column elementor-col-50 elementor-top-column elementor-element elementor-element-5ff8023\" data-id=\"5ff8023\" data-element_type=\"column\">\n\t\t\t<div class=\"elementor-widget-wrap elementor-element-populated\">\n\t\t\t\t\t\t<div class=\"elementor-element elementor-element-01e3ff2 elementor-widget elementor-widget-spacer\" data-id=\"01e3ff2\" data-element_type=\"widget\" data-widget_type=\"spacer.default\">\n\t\t\t\t<div class=\"elementor-widget-container\">\n\t\t\t\t\t\t\t<div class=\"elementor-spacer\">\n\t\t\t<div class=\"elementor-spacer-inner\"><\/div>\n\t\t<\/div>\n\t\t\t\t\t\t<\/div>\n\t\t\t\t<\/div>\n\t\t\t\t<div class=\"elementor-element elementor-element-78f1bda elementor-widget elementor-widget-heading\" data-id=\"78f1bda\" data-element_type=\"widget\" data-widget_type=\"heading.default\">\n\t\t\t\t<div class=\"elementor-widget-container\">\n\t\t\t\t\t<h2 class=\"elementor-heading-title elementor-size-default\">Warszawa, ul. Majda\u0144ska 24\/1<\/h2>\t\t\t\t<\/div>\n\t\t\t\t<\/div>\n\t\t\t\t<div class=\"elementor-element elementor-element-8ce4297 elementor-widget elementor-widget-spacer\" data-id=\"8ce4297\" data-element_type=\"widget\" data-widget_type=\"spacer.default\">\n\t\t\t\t<div class=\"elementor-widget-container\">\n\t\t\t\t\t\t\t<div class=\"elementor-spacer\">\n\t\t\t<div class=\"elementor-spacer-inner\"><\/div>\n\t\t<\/div>\n\t\t\t\t\t\t<\/div>\n\t\t\t\t<\/div>\n\t\t\t\t<div class=\"elementor-element elementor-element-4412aa1 elementor-widget elementor-widget-text-editor\" data-id=\"4412aa1\" data-element_type=\"widget\" data-widget_type=\"text-editor.default\">\n\t\t\t\t<div class=\"elementor-widget-container\">\n\t\t\t\t\t\t\t\t\t<p>Lokal po\u0142o\u017cony na parterze kamienicy u zbiegu ulic Majda\u0144skiej i Iga\u0144skiej. Nasze miejsce posiada w\u0142asny ogrodzony plac zabaw, gdzie panuje spok\u00f3j i cisza. Lokalizacja na parterze gwarantuje \u0142atwy dost\u0119p.<\/p>\t\t\t\t\t\t\t\t<\/div>\n\t\t\t\t<\/div>\n\t\t\t\t\t<\/div>\n\t\t<\/div>\n\t\t\t\t<div class=\"elementor-column elementor-col-50 elementor-top-column elementor-element elementor-element-7c01ce3\" data-id=\"7c01ce3\" data-element_type=\"column\">\n\t\t\t<div class=\"elementor-widget-wrap elementor-element-populated\">\n\t\t\t\t\t\t<div class=\"elementor-element elementor-element-243ffbd elementor-widget elementor-widget-image\" data-id=\"243ffbd\" data-element_type=\"widget\" data-widget_type=\"image.default\">\n\t\t\t\t<div class=\"elementor-widget-container\">\n\t\t\t\t\t\t\t\t\t\t\t\t\t\t\t<img fetchpriority=\"high\" decoding=\"async\" width=\"1024\" height=\"724\" src=\"https:\/\/bobasowo.com.pl\/majdanska\/wp-content\/uploads\/2024\/09\/8-1024x724.png\" class=\"attachment-large size-large wp-image-619\" alt=\"Wn\u0119trza\" srcset=\"https:\/\/bobasowo.com.pl\/majdanska\/wp-content\/uploads\/2024\/09\/8-1024x724.png 1024w, https:\/\/bobasowo.com.pl\/majdanska\/wp-content\/uploads\/2024\/09\/8-300x212.png 300w, https:\/\/bobasowo.com.pl\/majdanska\/wp-content\/uploads\/2024\/09\/8-768x543.png 768w, https:\/\/bobasowo.com.pl\/majdanska\/wp-content\/uploads\/2024\/09\/8-1536x1086.png 1536w, https:\/\/bobasowo.com.pl\/majdanska\/wp-content\/uploads\/2024\/09\/8.png 1964w\" sizes=\"(max-width: 1024px) 100vw, 1024px\" \/>\t\t\t\t\t\t\t\t\t\t\t\t\t\t\t<\/div>\n\t\t\t\t<\/div>\n\t\t\t\t\t<\/div>\n\t\t<\/div>\n\t\t\t\t\t<\/div>\n\t\t<\/section>\n\t\t\t\t<section class=\"elementor-section elementor-top-section elementor-element elementor-element-a435a23 elementor-section-boxed elementor-section-height-default elementor-section-height-default\" data-id=\"a435a23\" data-element_type=\"section\">\n\t\t\t\t\t\t<div class=\"elementor-container elementor-column-gap-default\">\n\t\t\t\t\t<div class=\"elementor-column elementor-col-100 elementor-top-column elementor-element elementor-element-9ab60f4\" data-id=\"9ab60f4\" data-element_type=\"column\">\n\t\t\t<div class=\"elementor-widget-wrap elementor-element-populated\">\n\t\t\t\t\t\t<div class=\"elementor-element elementor-element-b9ca1c3 elementor-widget elementor-widget-spacer\" data-id=\"b9ca1c3\" data-element_type=\"widget\" data-widget_type=\"spacer.default\">\n\t\t\t\t<div class=\"elementor-widget-container\">\n\t\t\t\t\t\t\t<div class=\"elementor-spacer\">\n\t\t\t<div class=\"elementor-spacer-inner\"><\/div>\n\t\t<\/div>\n\t\t\t\t\t\t<\/div>\n\t\t\t\t<\/div>\n\t\t\t\t\t<\/div>\n\t\t<\/div>\n\t\t\t\t\t<\/div>\n\t\t<\/section>\n\t\t\t\t<\/div>\n\t\t","protected":false},"excerpt":{"rendered":"<p>Warszawa, ul. Majda\u0144ska 24\/1 Lokal po\u0142o\u017cony na parterze kamienicy u zbiegu ulic Majda\u0144skiej i Iga\u0144skiej. Nasze miejsce posiada w\u0142asny ogrodzony plac zabaw, gdzie panuje spok\u00f3j i cisza. Lokalizacja na parterze gwarantuje \u0142atwy dost\u0119p.<\/p>\n","protected":false},"author":1,"featured_media":0,"parent":0,"menu_order":0,"comment_status":"closed","ping_status":"closed","template":"elementor_header_footer","meta":{"neve_meta_sidebar":"","neve_meta_container":"","neve_meta_enable_content_width":"","neve_meta_content_width":0,"neve_meta_title_alignment":"","neve_meta_author_avatar":"","neve_post_elements_order":"","neve_meta_disable_header":"","neve_meta_disable_footer":"","neve_meta_disable_title":"","footnotes":""},"class_list":["post-238","page","type-page","status-publish","hentry"],"yoast_head":"<!-- This site is optimized with the Yoast SEO plugin v24.7 - https:\/\/yoast.com\/wordpress\/plugins\/seo\/ -->\n<title>WN\u0118TRZA - \u017b\u0142obek blisko\u015bciowy Bobasowo Majda\u0144ska<\/title>\n<meta name=\"robots\" content=\"index, follow, max-snippet:-1, max-image-preview:large, max-video-preview:-1\" \/>\n<link rel=\"canonical\" href=\"https:\/\/bobasowo.com.pl\/majdanska\/wnetrza\/\" \/>\n<meta property=\"og:locale\" content=\"pl_PL\" \/>\n<meta property=\"og:type\" content=\"article\" \/>\n<meta property=\"og:title\" content=\"WN\u0118TRZA - \u017b\u0142obek blisko\u015bciowy Bobasowo Majda\u0144ska\" \/>\n<meta property=\"og:description\" content=\"Warszawa, ul. Majda\u0144ska 24\/1 Lokal po\u0142o\u017cony na parterze kamienicy u zbiegu ulic Majda\u0144skiej i Iga\u0144skiej. Nasze miejsce posiada w\u0142asny ogrodzony plac zabaw, gdzie panuje spok\u00f3j i cisza. Lokalizacja na parterze gwarantuje \u0142atwy dost\u0119p.\" \/>\n<meta property=\"og:url\" content=\"https:\/\/bobasowo.com.pl\/majdanska\/wnetrza\/\" \/>\n<meta property=\"og:site_name\" content=\"\u017b\u0142obek blisko\u015bciowy Bobasowo Majda\u0144ska\" \/>\n<meta property=\"article:publisher\" content=\"https:\/\/facebook.com\/ZlobekBobasowoMajdanska\" \/>\n<meta property=\"article:modified_time\" content=\"2024-09-23T17:13:09+00:00\" \/>\n<meta property=\"og:image\" content=\"https:\/\/bobasowo.com.pl\/harmoni\/wp-content\/uploads\/2024\/09\/8-1024x724.png\" \/>\n<meta name=\"twitter:card\" content=\"summary_large_image\" \/>\n<meta name=\"twitter:label1\" content=\"Szacowany czas czytania\" \/>\n\t<meta name=\"twitter:data1\" content=\"1 minuta\" \/>\n<script type=\"application\/ld+json\" class=\"yoast-schema-graph\">{\"@context\":\"https:\/\/schema.org\",\"@graph\":[{\"@type\":\"WebPage\",\"@id\":\"https:\/\/bobasowo.com.pl\/majdanska\/wnetrza\/\",\"url\":\"https:\/\/bobasowo.com.pl\/majdanska\/wnetrza\/\",\"name\":\"WN\u0118TRZA - \u017b\u0142obek blisko\u015bciowy Bobasowo Majda\u0144ska\",\"isPartOf\":{\"@id\":\"https:\/\/bobasowo.com.pl\/majdanska\/#website\"},\"primaryImageOfPage\":{\"@id\":\"https:\/\/bobasowo.com.pl\/majdanska\/wnetrza\/#primaryimage\"},\"image\":{\"@id\":\"https:\/\/bobasowo.com.pl\/majdanska\/wnetrza\/#primaryimage\"},\"thumbnailUrl\":\"https:\/\/bobasowo.com.pl\/harmoni\/wp-content\/uploads\/2024\/09\/8-1024x724.png\",\"datePublished\":\"2023-10-11T13:10:13+00:00\",\"dateModified\":\"2024-09-23T17:13:09+00:00\",\"breadcrumb\":{\"@id\":\"https:\/\/bobasowo.com.pl\/majdanska\/wnetrza\/#breadcrumb\"},\"inLanguage\":\"pl-PL\",\"potentialAction\":[{\"@type\":\"ReadAction\",\"target\":[\"https:\/\/bobasowo.com.pl\/majdanska\/wnetrza\/\"]}]},{\"@type\":\"ImageObject\",\"inLanguage\":\"pl-PL\",\"@id\":\"https:\/\/bobasowo.com.pl\/majdanska\/wnetrza\/#primaryimage\",\"url\":\"https:\/\/bobasowo.com.pl\/harmoni\/wp-content\/uploads\/2024\/09\/8-1024x724.png\",\"contentUrl\":\"https:\/\/bobasowo.com.pl\/harmoni\/wp-content\/uploads\/2024\/09\/8-1024x724.png\"},{\"@type\":\"BreadcrumbList\",\"@id\":\"https:\/\/bobasowo.com.pl\/majdanska\/wnetrza\/#breadcrumb\",\"itemListElement\":[{\"@type\":\"ListItem\",\"position\":1,\"name\":\"Strona g\u0142\u00f3wna\",\"item\":\"https:\/\/bobasowo.com.pl\/majdanska\/\"},{\"@type\":\"ListItem\",\"position\":2,\"name\":\"WN\u0118TRZA\"}]},{\"@type\":\"WebSite\",\"@id\":\"https:\/\/bobasowo.com.pl\/majdanska\/#website\",\"url\":\"https:\/\/bobasowo.com.pl\/majdanska\/\",\"name\":\"Bobasowo \u017c\u0142obek\",\"description\":\"Opieka pe\u0142na ciep\u0142a i mi\u0142o\u015bci\",\"publisher\":{\"@id\":\"https:\/\/bobasowo.com.pl\/majdanska\/#organization\"},\"potentialAction\":[{\"@type\":\"SearchAction\",\"target\":{\"@type\":\"EntryPoint\",\"urlTemplate\":\"https:\/\/bobasowo.com.pl\/majdanska\/?s={search_term_string}\"},\"query-input\":{\"@type\":\"PropertyValueSpecification\",\"valueRequired\":true,\"valueName\":\"search_term_string\"}}],\"inLanguage\":\"pl-PL\"},{\"@type\":\"Organization\",\"@id\":\"https:\/\/bobasowo.com.pl\/majdanska\/#organization\",\"name\":\"Bobasowo dzienny punkt opieki blisko\u015bciowej Praga-Po\u0142udnie, Warszawa\",\"url\":\"https:\/\/bobasowo.com.pl\/majdanska\/\",\"logo\":{\"@type\":\"ImageObject\",\"inLanguage\":\"pl-PL\",\"@id\":\"https:\/\/bobasowo.com.pl\/majdanska\/#\/schema\/logo\/image\/\",\"url\":\"https:\/\/bobasowo.com.pl\/majdanska\/wp-content\/uploads\/2024\/09\/cropped-cropped-Copy-of-Logo.png\",\"contentUrl\":\"https:\/\/bobasowo.com.pl\/majdanska\/wp-content\/uploads\/2024\/09\/cropped-cropped-Copy-of-Logo.png\",\"width\":512,\"height\":512,\"caption\":\"Bobasowo dzienny punkt opieki blisko\u015bciowej Praga-Po\u0142udnie, Warszawa\"},\"image\":{\"@id\":\"https:\/\/bobasowo.com.pl\/majdanska\/#\/schema\/logo\/image\/\"},\"sameAs\":[\"https:\/\/facebook.com\/ZlobekBobasowoMajdanska\"]}]}<\/script>\n<!-- \/ Yoast SEO plugin. -->","yoast_head_json":{"title":"WN\u0118TRZA - \u017b\u0142obek blisko\u015bciowy Bobasowo Majda\u0144ska","robots":{"index":"index","follow":"follow","max-snippet":"max-snippet:-1","max-image-preview":"max-image-preview:large","max-video-preview":"max-video-preview:-1"},"canonical":"https:\/\/bobasowo.com.pl\/majdanska\/wnetrza\/","og_locale":"pl_PL","og_type":"article","og_title":"WN\u0118TRZA - \u017b\u0142obek blisko\u015bciowy Bobasowo Majda\u0144ska","og_description":"Warszawa, ul. Majda\u0144ska 24\/1 Lokal po\u0142o\u017cony na parterze kamienicy u zbiegu ulic Majda\u0144skiej i Iga\u0144skiej. Nasze miejsce posiada w\u0142asny ogrodzony plac zabaw, gdzie panuje spok\u00f3j i cisza. Lokalizacja na parterze gwarantuje \u0142atwy dost\u0119p.","og_url":"https:\/\/bobasowo.com.pl\/majdanska\/wnetrza\/","og_site_name":"\u017b\u0142obek blisko\u015bciowy Bobasowo Majda\u0144ska","article_publisher":"https:\/\/facebook.com\/ZlobekBobasowoMajdanska","article_modified_time":"2024-09-23T17:13:09+00:00","og_image":[{"url":"https:\/\/bobasowo.com.pl\/harmoni\/wp-content\/uploads\/2024\/09\/8-1024x724.png","type":"","width":"","height":""}],"twitter_card":"summary_large_image","twitter_misc":{"Szacowany czas czytania":"1 minuta"},"schema":{"@context":"https:\/\/schema.org","@graph":[{"@type":"WebPage","@id":"https:\/\/bobasowo.com.pl\/majdanska\/wnetrza\/","url":"https:\/\/bobasowo.com.pl\/majdanska\/wnetrza\/","name":"WN\u0118TRZA - \u017b\u0142obek blisko\u015bciowy Bobasowo Majda\u0144ska","isPartOf":{"@id":"https:\/\/bobasowo.com.pl\/majdanska\/#website"},"primaryImageOfPage":{"@id":"https:\/\/bobasowo.com.pl\/majdanska\/wnetrza\/#primaryimage"},"image":{"@id":"https:\/\/bobasowo.com.pl\/majdanska\/wnetrza\/#primaryimage"},"thumbnailUrl":"https:\/\/bobasowo.com.pl\/harmoni\/wp-content\/uploads\/2024\/09\/8-1024x724.png","datePublished":"2023-10-11T13:10:13+00:00","dateModified":"2024-09-23T17:13:09+00:00","breadcrumb":{"@id":"https:\/\/bobasowo.com.pl\/majdanska\/wnetrza\/#breadcrumb"},"inLanguage":"pl-PL","potentialAction":[{"@type":"ReadAction","target":["https:\/\/bobasowo.com.pl\/majdanska\/wnetrza\/"]}]},{"@type":"ImageObject","inLanguage":"pl-PL","@id":"https:\/\/bobasowo.com.pl\/majdanska\/wnetrza\/#primaryimage","url":"https:\/\/bobasowo.com.pl\/harmoni\/wp-content\/uploads\/2024\/09\/8-1024x724.png","contentUrl":"https:\/\/bobasowo.com.pl\/harmoni\/wp-content\/uploads\/2024\/09\/8-1024x724.png"},{"@type":"BreadcrumbList","@id":"https:\/\/bobasowo.com.pl\/majdanska\/wnetrza\/#breadcrumb","itemListElement":[{"@type":"ListItem","position":1,"name":"Strona g\u0142\u00f3wna","item":"https:\/\/bobasowo.com.pl\/majdanska\/"},{"@type":"ListItem","position":2,"name":"WN\u0118TRZA"}]},{"@type":"WebSite","@id":"https:\/\/bobasowo.com.pl\/majdanska\/#website","url":"https:\/\/bobasowo.com.pl\/majdanska\/","name":"Bobasowo \u017c\u0142obek","description":"Opieka pe\u0142na ciep\u0142a i mi\u0142o\u015bci","publisher":{"@id":"https:\/\/bobasowo.com.pl\/majdanska\/#organization"},"potentialAction":[{"@type":"SearchAction","target":{"@type":"EntryPoint","urlTemplate":"https:\/\/bobasowo.com.pl\/majdanska\/?s={search_term_string}"},"query-input":{"@type":"PropertyValueSpecification","valueRequired":true,"valueName":"search_term_string"}}],"inLanguage":"pl-PL"},{"@type":"Organization","@id":"https:\/\/bobasowo.com.pl\/majdanska\/#organization","name":"Bobasowo dzienny punkt opieki blisko\u015bciowej Praga-Po\u0142udnie, Warszawa","url":"https:\/\/bobasowo.com.pl\/majdanska\/","logo":{"@type":"ImageObject","inLanguage":"pl-PL","@id":"https:\/\/bobasowo.com.pl\/majdanska\/#\/schema\/logo\/image\/","url":"https:\/\/bobasowo.com.pl\/majdanska\/wp-content\/uploads\/2024\/09\/cropped-cropped-Copy-of-Logo.png","contentUrl":"https:\/\/bobasowo.com.pl\/majdanska\/wp-content\/uploads\/2024\/09\/cropped-cropped-Copy-of-Logo.png","width":512,"height":512,"caption":"Bobasowo dzienny punkt opieki blisko\u015bciowej Praga-Po\u0142udnie, Warszawa"},"image":{"@id":"https:\/\/bobasowo.com.pl\/majdanska\/#\/schema\/logo\/image\/"},"sameAs":["https:\/\/facebook.com\/ZlobekBobasowoMajdanska"]}]}},"_links":{"self":[{"href":"https:\/\/bobasowo.com.pl\/majdanska\/wp-json\/wp\/v2\/pages\/238","targetHints":{"allow":["GET"]}}],"collection":[{"href":"https:\/\/bobasowo.com.pl\/majdanska\/wp-json\/wp\/v2\/pages"}],"about":[{"href":"https:\/\/bobasowo.com.pl\/majdanska\/wp-json\/wp\/v2\/types\/page"}],"author":[{"embeddable":true,"href":"https:\/\/bobasowo.com.pl\/majdanska\/wp-json\/wp\/v2\/users\/1"}],"replies":[{"embeddable":true,"href":"https:\/\/bobasowo.com.pl\/majdanska\/wp-json\/wp\/v2\/comments?post=238"}],"version-history":[{"count":22,"href":"https:\/\/bobasowo.com.pl\/majdanska\/wp-json\/wp\/v2\/pages\/238\/revisions"}],"predecessor-version":[{"id":633,"href":"https:\/\/bobasowo.com.pl\/majdanska\/wp-json\/wp\/v2\/pages\/238\/revisions\/633"}],"wp:attachment":[{"href":"https:\/\/bobasowo.com.pl\/majdanska\/wp-json\/wp\/v2\/media?parent=238"}],"curies":[{"name":"wp","href":"https:\/\/api.w.org\/{rel}","templated":true}]}}