{"id":253,"date":"2023-10-11T15:29:59","date_gmt":"2023-10-11T13:29:59","guid":{"rendered":"https:\/\/bobasowo.com.pl\/harmoni\/?page_id=253"},"modified":"2024-11-11T10:57:19","modified_gmt":"2024-11-11T09:57:19","slug":"informacje","status":"publish","type":"page","link":"https:\/\/bobasowo.com.pl\/majdanska\/informacje\/","title":{"rendered":"INFORMACJE"},"content":{"rendered":"\t\t<div data-elementor-type=\"wp-page\" data-elementor-id=\"253\" class=\"elementor elementor-253\">\n\t\t\t\t\t\t<section class=\"elementor-section elementor-top-section elementor-element elementor-element-3264fea elementor-section-boxed elementor-section-height-default elementor-section-height-default\" data-id=\"3264fea\" data-element_type=\"section\">\n\t\t\t\t\t\t<div class=\"elementor-container elementor-column-gap-default\">\n\t\t\t\t\t<div class=\"elementor-column elementor-col-33 elementor-top-column elementor-element elementor-element-539cb0f\" data-id=\"539cb0f\" data-element_type=\"column\">\n\t\t\t<div class=\"elementor-widget-wrap elementor-element-populated\">\n\t\t\t\t\t\t<div class=\"elementor-element elementor-element-91267e5 elementor-widget elementor-widget-image\" data-id=\"91267e5\" data-element_type=\"widget\" data-widget_type=\"image.default\">\n\t\t\t\t<div class=\"elementor-widget-container\">\n\t\t\t\t\t\t\t\t\t\t\t\t<figure class=\"wp-caption\">\n\t\t\t\t\t\t\t\t\t\t\t<a href=\"https:\/\/bobasowo.com.pl\/majdanska\/\">\n\t\t\t\t\t\t\t<img decoding=\"async\" src=\"https:\/\/bobasowo.com.pl\/majdanska\/wp-content\/uploads\/elementor\/thumbs\/12-qujh2hf2cz0gkig3kq47fzkyhjc1x8y9oi7ga5tv9o.png\" title=\"Rodzice\" alt=\"Rodzice\" loading=\"lazy\" \/>\t\t\t\t\t\t\t\t<\/a>\n\t\t\t\t\t\t\t\t\t\t\t<figcaption class=\"widget-image-caption wp-caption-text\">O NAS<\/figcaption>\n\t\t\t\t\t\t\t\t\t\t<\/figure>\n\t\t\t\t\t\t\t\t\t<\/div>\n\t\t\t\t<\/div>\n\t\t\t\t\t<\/div>\n\t\t<\/div>\n\t\t\t\t<div class=\"elementor-column elementor-col-33 elementor-top-column elementor-element elementor-element-bb04496\" data-id=\"bb04496\" data-element_type=\"column\">\n\t\t\t<div class=\"elementor-widget-wrap elementor-element-populated\">\n\t\t\t\t\t\t<div class=\"elementor-element elementor-element-9e78219 elementor-widget elementor-widget-image\" data-id=\"9e78219\" data-element_type=\"widget\" data-widget_type=\"image.default\">\n\t\t\t\t<div class=\"elementor-widget-container\">\n\t\t\t\t\t\t\t\t\t\t\t\t<figure class=\"wp-caption\">\n\t\t\t\t\t\t\t\t\t\t\t<a href=\"https:\/\/bobasowo.com.pl\/majdanska\/jak-pracujemy\/\">\n\t\t\t\t\t\t\t<img decoding=\"async\" src=\"https:\/\/bobasowo.com.pl\/majdanska\/wp-content\/uploads\/elementor\/thumbs\/312110765_546692250795271_3253277896270416480_n-qdps0cy1wznuy2s2udt3zzr5keb4fxbxnq2rc8nedo.jpg\" title=\"Jak pracujemy\" alt=\"Jak pracujemy\" loading=\"lazy\" \/>\t\t\t\t\t\t\t\t<\/a>\n\t\t\t\t\t\t\t\t\t\t\t<figcaption class=\"widget-image-caption wp-caption-text\">JAK PRACUJEMY<\/figcaption>\n\t\t\t\t\t\t\t\t\t\t<\/figure>\n\t\t\t\t\t\t\t\t\t<\/div>\n\t\t\t\t<\/div>\n\t\t\t\t\t<\/div>\n\t\t<\/div>\n\t\t\t\t<div class=\"elementor-column elementor-col-33 elementor-top-column elementor-element elementor-element-a98802a\" data-id=\"a98802a\" data-element_type=\"column\">\n\t\t\t<div class=\"elementor-widget-wrap elementor-element-populated\">\n\t\t\t\t\t\t<div class=\"elementor-element elementor-element-99f42da elementor-widget elementor-widget-image\" data-id=\"99f42da\" data-element_type=\"widget\" data-widget_type=\"image.default\">\n\t\t\t\t<div class=\"elementor-widget-container\">\n\t\t\t\t\t\t\t\t\t\t\t\t<figure class=\"wp-caption\">\n\t\t\t\t\t\t\t\t\t\t\t<a href=\"https:\/\/bobasowo.com.pl\/majdanska\/strefa-rekruta\/\">\n\t\t\t\t\t\t\t<img decoding=\"async\" src=\"https:\/\/bobasowo.com.pl\/majdanska\/wp-content\/uploads\/elementor\/thumbs\/Bez-tytulu-Post-Instagram-1-qdps9jt8qo8sgtfh6ctsdo9eo10bpdtg97po9n0tjg.png\" title=\"Strefa rekruta\" alt=\"Strefa rekruta\" loading=\"lazy\" \/>\t\t\t\t\t\t\t\t<\/a>\n\t\t\t\t\t\t\t\t\t\t\t<figcaption class=\"widget-image-caption wp-caption-text\">STREFA REKRUTA<\/figcaption>\n\t\t\t\t\t\t\t\t\t\t<\/figure>\n\t\t\t\t\t\t\t\t\t<\/div>\n\t\t\t\t<\/div>\n\t\t\t\t\t<\/div>\n\t\t<\/div>\n\t\t\t\t\t<\/div>\n\t\t<\/section>\n\t\t\t\t<section class=\"elementor-section elementor-top-section elementor-element elementor-element-3b573ff elementor-section-boxed elementor-section-height-default elementor-section-height-default\" data-id=\"3b573ff\" data-element_type=\"section\" data-settings=\"{&quot;background_background&quot;:&quot;classic&quot;}\">\n\t\t\t\t\t\t<div class=\"elementor-container elementor-column-gap-default\">\n\t\t\t\t\t<div class=\"elementor-column elementor-col-100 elementor-top-column elementor-element elementor-element-8ad2d42\" data-id=\"8ad2d42\" data-element_type=\"column\">\n\t\t\t<div class=\"elementor-widget-wrap elementor-element-populated\">\n\t\t\t\t\t\t<div class=\"elementor-element elementor-element-9519d84 elementor-widget elementor-widget-spacer\" data-id=\"9519d84\" data-element_type=\"widget\" data-widget_type=\"spacer.default\">\n\t\t\t\t<div class=\"elementor-widget-container\">\n\t\t\t\t\t\t\t<div class=\"elementor-spacer\">\n\t\t\t<div class=\"elementor-spacer-inner\"><\/div>\n\t\t<\/div>\n\t\t\t\t\t\t<\/div>\n\t\t\t\t<\/div>\n\t\t\t\t<div class=\"elementor-element elementor-element-90125a2 elementor-align-center elementor-widget elementor-widget-button\" data-id=\"90125a2\" data-element_type=\"widget\" data-widget_type=\"button.default\">\n\t\t\t\t<div class=\"elementor-widget-container\">\n\t\t\t\t\t\t\t\t\t<div class=\"elementor-button-wrapper\">\n\t\t\t\t\t<a class=\"elementor-button elementor-size-sm\" role=\"button\">\n\t\t\t\t\t\t<span class=\"elementor-button-content-wrapper\">\n\t\t\t\t\t\t\t\t\t<span class=\"elementor-button-text\">DOKUMENTY DO POBRANIA<\/span>\n\t\t\t\t\t<\/span>\n\t\t\t\t\t<\/a>\n\t\t\t\t<\/div>\n\t\t\t\t\t\t\t\t<\/div>\n\t\t\t\t<\/div>\n\t\t\t\t<div class=\"elementor-element elementor-element-f22a272 elementor-widget elementor-widget-spacer\" data-id=\"f22a272\" data-element_type=\"widget\" data-widget_type=\"spacer.default\">\n\t\t\t\t<div class=\"elementor-widget-container\">\n\t\t\t\t\t\t\t<div class=\"elementor-spacer\">\n\t\t\t<div class=\"elementor-spacer-inner\"><\/div>\n\t\t<\/div>\n\t\t\t\t\t\t<\/div>\n\t\t\t\t<\/div>\n\t\t\t\t\t<\/div>\n\t\t<\/div>\n\t\t\t\t\t<\/div>\n\t\t<\/section>\n\t\t\t\t<section class=\"elementor-section elementor-top-section elementor-element elementor-element-9a3130f elementor-section-boxed elementor-section-height-default elementor-section-height-default\" data-id=\"9a3130f\" data-element_type=\"section\">\n\t\t\t\t\t\t<div class=\"elementor-container elementor-column-gap-default\">\n\t\t\t\t\t<div class=\"elementor-column elementor-col-100 elementor-top-column elementor-element elementor-element-d61050e\" data-id=\"d61050e\" data-element_type=\"column\">\n\t\t\t<div class=\"elementor-widget-wrap\">\n\t\t\t\t\t\t\t<\/div>\n\t\t<\/div>\n\t\t\t\t\t<\/div>\n\t\t<\/section>\n\t\t\t\t<section class=\"elementor-section elementor-top-section elementor-element elementor-element-b94c120 elementor-section-boxed elementor-section-height-default elementor-section-height-default\" data-id=\"b94c120\" data-element_type=\"section\">\n\t\t\t\t\t\t<div class=\"elementor-container elementor-column-gap-default\">\n\t\t\t\t\t<div class=\"elementor-column elementor-col-50 elementor-top-column elementor-element elementor-element-039e5eb\" data-id=\"039e5eb\" data-element_type=\"column\">\n\t\t\t<div class=\"elementor-widget-wrap elementor-element-populated\">\n\t\t\t\t\t\t<div class=\"elementor-element elementor-element-c7750bf elementor-widget elementor-widget-image\" data-id=\"c7750bf\" data-element_type=\"widget\" data-widget_type=\"image.default\">\n\t\t\t\t<div class=\"elementor-widget-container\">\n\t\t\t\t\t\t\t\t\t\t\t\t\t\t\t<img fetchpriority=\"high\" decoding=\"async\" width=\"1024\" height=\"1024\" src=\"https:\/\/bobasowo.com.pl\/majdanska\/wp-content\/uploads\/2024\/05\/Blisko-dziecka-1024x1024.png\" class=\"attachment-large size-large wp-image-544\" alt=\"klub malucha Praga po\u0142udnie\" srcset=\"https:\/\/bobasowo.com.pl\/majdanska\/wp-content\/uploads\/2024\/05\/Blisko-dziecka-1024x1024.png 1024w, https:\/\/bobasowo.com.pl\/majdanska\/wp-content\/uploads\/2024\/05\/Blisko-dziecka-300x300.png 300w, https:\/\/bobasowo.com.pl\/majdanska\/wp-content\/uploads\/2024\/05\/Blisko-dziecka-150x150.png 150w, https:\/\/bobasowo.com.pl\/majdanska\/wp-content\/uploads\/2024\/05\/Blisko-dziecka-768x768.png 768w, https:\/\/bobasowo.com.pl\/majdanska\/wp-content\/uploads\/2024\/05\/Blisko-dziecka.png 1080w\" sizes=\"(max-width: 1024px) 100vw, 1024px\" \/>\t\t\t\t\t\t\t\t\t\t\t\t\t\t\t<\/div>\n\t\t\t\t<\/div>\n\t\t\t\t\t<\/div>\n\t\t<\/div>\n\t\t\t\t<div class=\"elementor-column elementor-col-50 elementor-top-column elementor-element elementor-element-a77f78e\" data-id=\"a77f78e\" data-element_type=\"column\">\n\t\t\t<div class=\"elementor-widget-wrap elementor-element-populated\">\n\t\t\t\t\t\t<div class=\"elementor-element elementor-element-1a85bb5 elementor-widget elementor-widget-spacer\" data-id=\"1a85bb5\" data-element_type=\"widget\" data-widget_type=\"spacer.default\">\n\t\t\t\t<div class=\"elementor-widget-container\">\n\t\t\t\t\t\t\t<div class=\"elementor-spacer\">\n\t\t\t<div class=\"elementor-spacer-inner\"><\/div>\n\t\t<\/div>\n\t\t\t\t\t\t<\/div>\n\t\t\t\t<\/div>\n\t\t\t\t<div class=\"elementor-element elementor-element-69f0d72 elementor-widget elementor-widget-text-editor\" data-id=\"69f0d72\" data-element_type=\"widget\" data-widget_type=\"text-editor.default\">\n\t\t\t\t<div class=\"elementor-widget-container\">\n\t\t\t\t\t\t\t\t\t<p>Zapraszamy do odwiedzenia naszych profili na portalach spo\u0142eczno\u015bciowych. Na Facebooku oraz Instagramie znajdziesz aktualne informacje o tym, jakie wyj\u0105tkowe atrakcje przygotowujemy dla naszych odkrywc\u00f3w<\/p>\t\t\t\t\t\t\t\t<\/div>\n\t\t\t\t<\/div>\n\t\t\t\t<div class=\"elementor-element elementor-element-b940cc1 elementor-view-default elementor-widget elementor-widget-icon\" data-id=\"b940cc1\" data-element_type=\"widget\" data-widget_type=\"icon.default\">\n\t\t\t\t<div class=\"elementor-widget-container\">\n\t\t\t\t\t\t\t<div class=\"elementor-icon-wrapper\">\n\t\t\t<a class=\"elementor-icon\" href=\"https:\/\/www.facebook.com\/ZlobekBobasowoMajdanska\/\">\n\t\t\t<i aria-hidden=\"true\" class=\"fab fa-facebook\"><\/i>\t\t\t<\/a>\n\t\t<\/div>\n\t\t\t\t\t\t<\/div>\n\t\t\t\t<\/div>\n\t\t\t\t\t<\/div>\n\t\t<\/div>\n\t\t\t\t\t<\/div>\n\t\t<\/section>\n\t\t\t\t<\/div>\n\t\t","protected":false},"excerpt":{"rendered":"<p>O NAS JAK PRACUJEMY STREFA REKRUTA DOKUMENTY DO POBRANIA Zapraszamy do odwiedzenia naszych profili na portalach spo\u0142eczno\u015bciowych. Na Facebooku oraz Instagramie znajdziesz aktualne informacje o tym, jakie wyj\u0105tkowe atrakcje przygotowujemy dla naszych odkrywc\u00f3w<\/p>\n","protected":false},"author":1,"featured_media":0,"parent":0,"menu_order":0,"comment_status":"closed","ping_status":"closed","template":"elementor_header_footer","meta":{"neve_meta_sidebar":"","neve_meta_container":"","neve_meta_enable_content_width":"","neve_meta_content_width":0,"neve_meta_title_alignment":"","neve_meta_author_avatar":"","neve_post_elements_order":"","neve_meta_disable_header":"","neve_meta_disable_footer":"","neve_meta_disable_title":"","footnotes":""},"class_list":["post-253","page","type-page","status-publish","hentry"],"yoast_head":"<!-- This site is optimized with the Yoast SEO plugin v24.7 - https:\/\/yoast.com\/wordpress\/plugins\/seo\/ -->\n<title>INFORMACJE - \u017b\u0142obek blisko\u015bciowy Bobasowo Majda\u0144ska porozumienie bez przemocy- NVC<\/title>\n<meta name=\"description\" content=\"Informacje o naszym punkcie opieki na Pradze Po\u0142udnie. Porozumienie bez przemocy- NVC. Pragniemy budowa\u0107 bezpieczn\u0105 oraz pe\u0142n\u0105 szacunku i empatii przestrze\u0144.\" \/>\n<meta name=\"robots\" content=\"index, follow, max-snippet:-1, max-image-preview:large, max-video-preview:-1\" \/>\n<link rel=\"canonical\" href=\"https:\/\/bobasowo.com.pl\/majdanska\/informacje\/\" \/>\n<meta property=\"og:locale\" content=\"pl_PL\" \/>\n<meta property=\"og:type\" content=\"article\" \/>\n<meta property=\"og:title\" content=\"INFORMACJE - \u017b\u0142obek blisko\u015bciowy Bobasowo Majda\u0144ska porozumienie bez przemocy- NVC\" \/>\n<meta property=\"og:description\" content=\"Informacje o naszym punkcie opieki na Pradze Po\u0142udnie. Porozumienie bez przemocy- NVC. Pragniemy budowa\u0107 bezpieczn\u0105 oraz pe\u0142n\u0105 szacunku i empatii przestrze\u0144.\" \/>\n<meta property=\"og:url\" content=\"https:\/\/bobasowo.com.pl\/majdanska\/informacje\/\" \/>\n<meta property=\"og:site_name\" content=\"\u017b\u0142obek blisko\u015bciowy Bobasowo Majda\u0144ska\" \/>\n<meta property=\"article:publisher\" content=\"https:\/\/facebook.com\/ZlobekBobasowoMajdanska\" \/>\n<meta property=\"article:modified_time\" content=\"2024-11-11T09:57:19+00:00\" \/>\n<meta property=\"og:image\" content=\"https:\/\/bobasowo.com.pl\/majdanska\/wp-content\/uploads\/elementor\/thumbs\/12-qujh2hf2cz0gkig3kq47fzkyhjc1x8y9oi7ga5tv9o.png\" \/>\n<meta name=\"twitter:card\" content=\"summary_large_image\" \/>\n<meta name=\"twitter:label1\" content=\"Szacowany czas czytania\" \/>\n\t<meta name=\"twitter:data1\" content=\"1 minuta\" \/>\n<script type=\"application\/ld+json\" class=\"yoast-schema-graph\">{\"@context\":\"https:\/\/schema.org\",\"@graph\":[{\"@type\":\"WebPage\",\"@id\":\"https:\/\/bobasowo.com.pl\/majdanska\/informacje\/\",\"url\":\"https:\/\/bobasowo.com.pl\/majdanska\/informacje\/\",\"name\":\"INFORMACJE - \u017b\u0142obek blisko\u015bciowy Bobasowo Majda\u0144ska porozumienie bez przemocy- NVC\",\"isPartOf\":{\"@id\":\"https:\/\/bobasowo.com.pl\/majdanska\/#website\"},\"primaryImageOfPage\":{\"@id\":\"https:\/\/bobasowo.com.pl\/majdanska\/informacje\/#primaryimage\"},\"image\":{\"@id\":\"https:\/\/bobasowo.com.pl\/majdanska\/informacje\/#primaryimage\"},\"thumbnailUrl\":\"https:\/\/bobasowo.com.pl\/majdanska\/wp-content\/uploads\/elementor\/thumbs\/12-qujh2hf2cz0gkig3kq47fzkyhjc1x8y9oi7ga5tv9o.png\",\"datePublished\":\"2023-10-11T13:29:59+00:00\",\"dateModified\":\"2024-11-11T09:57:19+00:00\",\"description\":\"Informacje o naszym punkcie opieki na Pradze Po\u0142udnie. Porozumienie bez przemocy- NVC. Pragniemy budowa\u0107 bezpieczn\u0105 oraz pe\u0142n\u0105 szacunku i empatii przestrze\u0144.\",\"breadcrumb\":{\"@id\":\"https:\/\/bobasowo.com.pl\/majdanska\/informacje\/#breadcrumb\"},\"inLanguage\":\"pl-PL\",\"potentialAction\":[{\"@type\":\"ReadAction\",\"target\":[\"https:\/\/bobasowo.com.pl\/majdanska\/informacje\/\"]}]},{\"@type\":\"ImageObject\",\"inLanguage\":\"pl-PL\",\"@id\":\"https:\/\/bobasowo.com.pl\/majdanska\/informacje\/#primaryimage\",\"url\":\"https:\/\/bobasowo.com.pl\/majdanska\/wp-content\/uploads\/elementor\/thumbs\/12-qujh2hf2cz0gkig3kq47fzkyhjc1x8y9oi7ga5tv9o.png\",\"contentUrl\":\"https:\/\/bobasowo.com.pl\/majdanska\/wp-content\/uploads\/elementor\/thumbs\/12-qujh2hf2cz0gkig3kq47fzkyhjc1x8y9oi7ga5tv9o.png\"},{\"@type\":\"BreadcrumbList\",\"@id\":\"https:\/\/bobasowo.com.pl\/majdanska\/informacje\/#breadcrumb\",\"itemListElement\":[{\"@type\":\"ListItem\",\"position\":1,\"name\":\"Strona g\u0142\u00f3wna\",\"item\":\"https:\/\/bobasowo.com.pl\/majdanska\/\"},{\"@type\":\"ListItem\",\"position\":2,\"name\":\"INFORMACJE\"}]},{\"@type\":\"WebSite\",\"@id\":\"https:\/\/bobasowo.com.pl\/majdanska\/#website\",\"url\":\"https:\/\/bobasowo.com.pl\/majdanska\/\",\"name\":\"Bobasowo \u017c\u0142obek\",\"description\":\"Opieka pe\u0142na ciep\u0142a i mi\u0142o\u015bci\",\"publisher\":{\"@id\":\"https:\/\/bobasowo.com.pl\/majdanska\/#organization\"},\"potentialAction\":[{\"@type\":\"SearchAction\",\"target\":{\"@type\":\"EntryPoint\",\"urlTemplate\":\"https:\/\/bobasowo.com.pl\/majdanska\/?s={search_term_string}\"},\"query-input\":{\"@type\":\"PropertyValueSpecification\",\"valueRequired\":true,\"valueName\":\"search_term_string\"}}],\"inLanguage\":\"pl-PL\"},{\"@type\":\"Organization\",\"@id\":\"https:\/\/bobasowo.com.pl\/majdanska\/#organization\",\"name\":\"Bobasowo dzienny punkt opieki blisko\u015bciowej Praga-Po\u0142udnie, Warszawa\",\"url\":\"https:\/\/bobasowo.com.pl\/majdanska\/\",\"logo\":{\"@type\":\"ImageObject\",\"inLanguage\":\"pl-PL\",\"@id\":\"https:\/\/bobasowo.com.pl\/majdanska\/#\/schema\/logo\/image\/\",\"url\":\"https:\/\/bobasowo.com.pl\/majdanska\/wp-content\/uploads\/2024\/09\/cropped-cropped-Copy-of-Logo.png\",\"contentUrl\":\"https:\/\/bobasowo.com.pl\/majdanska\/wp-content\/uploads\/2024\/09\/cropped-cropped-Copy-of-Logo.png\",\"width\":512,\"height\":512,\"caption\":\"Bobasowo dzienny punkt opieki blisko\u015bciowej Praga-Po\u0142udnie, Warszawa\"},\"image\":{\"@id\":\"https:\/\/bobasowo.com.pl\/majdanska\/#\/schema\/logo\/image\/\"},\"sameAs\":[\"https:\/\/facebook.com\/ZlobekBobasowoMajdanska\"]}]}<\/script>\n<!-- \/ Yoast SEO plugin. -->","yoast_head_json":{"title":"INFORMACJE - \u017b\u0142obek blisko\u015bciowy Bobasowo Majda\u0144ska porozumienie bez przemocy- NVC","description":"Informacje o naszym punkcie opieki na Pradze Po\u0142udnie. Porozumienie bez przemocy- NVC. Pragniemy budowa\u0107 bezpieczn\u0105 oraz pe\u0142n\u0105 szacunku i empatii przestrze\u0144.","robots":{"index":"index","follow":"follow","max-snippet":"max-snippet:-1","max-image-preview":"max-image-preview:large","max-video-preview":"max-video-preview:-1"},"canonical":"https:\/\/bobasowo.com.pl\/majdanska\/informacje\/","og_locale":"pl_PL","og_type":"article","og_title":"INFORMACJE - \u017b\u0142obek blisko\u015bciowy Bobasowo Majda\u0144ska porozumienie bez przemocy- NVC","og_description":"Informacje o naszym punkcie opieki na Pradze Po\u0142udnie. Porozumienie bez przemocy- NVC. Pragniemy budowa\u0107 bezpieczn\u0105 oraz pe\u0142n\u0105 szacunku i empatii przestrze\u0144.","og_url":"https:\/\/bobasowo.com.pl\/majdanska\/informacje\/","og_site_name":"\u017b\u0142obek blisko\u015bciowy Bobasowo Majda\u0144ska","article_publisher":"https:\/\/facebook.com\/ZlobekBobasowoMajdanska","article_modified_time":"2024-11-11T09:57:19+00:00","og_image":[{"url":"https:\/\/bobasowo.com.pl\/majdanska\/wp-content\/uploads\/elementor\/thumbs\/12-qujh2hf2cz0gkig3kq47fzkyhjc1x8y9oi7ga5tv9o.png","type":"","width":"","height":""}],"twitter_card":"summary_large_image","twitter_misc":{"Szacowany czas czytania":"1 minuta"},"schema":{"@context":"https:\/\/schema.org","@graph":[{"@type":"WebPage","@id":"https:\/\/bobasowo.com.pl\/majdanska\/informacje\/","url":"https:\/\/bobasowo.com.pl\/majdanska\/informacje\/","name":"INFORMACJE - \u017b\u0142obek blisko\u015bciowy Bobasowo Majda\u0144ska porozumienie bez przemocy- NVC","isPartOf":{"@id":"https:\/\/bobasowo.com.pl\/majdanska\/#website"},"primaryImageOfPage":{"@id":"https:\/\/bobasowo.com.pl\/majdanska\/informacje\/#primaryimage"},"image":{"@id":"https:\/\/bobasowo.com.pl\/majdanska\/informacje\/#primaryimage"},"thumbnailUrl":"https:\/\/bobasowo.com.pl\/majdanska\/wp-content\/uploads\/elementor\/thumbs\/12-qujh2hf2cz0gkig3kq47fzkyhjc1x8y9oi7ga5tv9o.png","datePublished":"2023-10-11T13:29:59+00:00","dateModified":"2024-11-11T09:57:19+00:00","description":"Informacje o naszym punkcie opieki na Pradze Po\u0142udnie. Porozumienie bez przemocy- NVC. Pragniemy budowa\u0107 bezpieczn\u0105 oraz pe\u0142n\u0105 szacunku i empatii przestrze\u0144.","breadcrumb":{"@id":"https:\/\/bobasowo.com.pl\/majdanska\/informacje\/#breadcrumb"},"inLanguage":"pl-PL","potentialAction":[{"@type":"ReadAction","target":["https:\/\/bobasowo.com.pl\/majdanska\/informacje\/"]}]},{"@type":"ImageObject","inLanguage":"pl-PL","@id":"https:\/\/bobasowo.com.pl\/majdanska\/informacje\/#primaryimage","url":"https:\/\/bobasowo.com.pl\/majdanska\/wp-content\/uploads\/elementor\/thumbs\/12-qujh2hf2cz0gkig3kq47fzkyhjc1x8y9oi7ga5tv9o.png","contentUrl":"https:\/\/bobasowo.com.pl\/majdanska\/wp-content\/uploads\/elementor\/thumbs\/12-qujh2hf2cz0gkig3kq47fzkyhjc1x8y9oi7ga5tv9o.png"},{"@type":"BreadcrumbList","@id":"https:\/\/bobasowo.com.pl\/majdanska\/informacje\/#breadcrumb","itemListElement":[{"@type":"ListItem","position":1,"name":"Strona g\u0142\u00f3wna","item":"https:\/\/bobasowo.com.pl\/majdanska\/"},{"@type":"ListItem","position":2,"name":"INFORMACJE"}]},{"@type":"WebSite","@id":"https:\/\/bobasowo.com.pl\/majdanska\/#website","url":"https:\/\/bobasowo.com.pl\/majdanska\/","name":"Bobasowo \u017c\u0142obek","description":"Opieka pe\u0142na ciep\u0142a i mi\u0142o\u015bci","publisher":{"@id":"https:\/\/bobasowo.com.pl\/majdanska\/#organization"},"potentialAction":[{"@type":"SearchAction","target":{"@type":"EntryPoint","urlTemplate":"https:\/\/bobasowo.com.pl\/majdanska\/?s={search_term_string}"},"query-input":{"@type":"PropertyValueSpecification","valueRequired":true,"valueName":"search_term_string"}}],"inLanguage":"pl-PL"},{"@type":"Organization","@id":"https:\/\/bobasowo.com.pl\/majdanska\/#organization","name":"Bobasowo dzienny punkt opieki blisko\u015bciowej Praga-Po\u0142udnie, Warszawa","url":"https:\/\/bobasowo.com.pl\/majdanska\/","logo":{"@type":"ImageObject","inLanguage":"pl-PL","@id":"https:\/\/bobasowo.com.pl\/majdanska\/#\/schema\/logo\/image\/","url":"https:\/\/bobasowo.com.pl\/majdanska\/wp-content\/uploads\/2024\/09\/cropped-cropped-Copy-of-Logo.png","contentUrl":"https:\/\/bobasowo.com.pl\/majdanska\/wp-content\/uploads\/2024\/09\/cropped-cropped-Copy-of-Logo.png","width":512,"height":512,"caption":"Bobasowo dzienny punkt opieki blisko\u015bciowej Praga-Po\u0142udnie, Warszawa"},"image":{"@id":"https:\/\/bobasowo.com.pl\/majdanska\/#\/schema\/logo\/image\/"},"sameAs":["https:\/\/facebook.com\/ZlobekBobasowoMajdanska"]}]}},"_links":{"self":[{"href":"https:\/\/bobasowo.com.pl\/majdanska\/wp-json\/wp\/v2\/pages\/253","targetHints":{"allow":["GET"]}}],"collection":[{"href":"https:\/\/bobasowo.com.pl\/majdanska\/wp-json\/wp\/v2\/pages"}],"about":[{"href":"https:\/\/bobasowo.com.pl\/majdanska\/wp-json\/wp\/v2\/types\/page"}],"author":[{"embeddable":true,"href":"https:\/\/bobasowo.com.pl\/majdanska\/wp-json\/wp\/v2\/users\/1"}],"replies":[{"embeddable":true,"href":"https:\/\/bobasowo.com.pl\/majdanska\/wp-json\/wp\/v2\/comments?post=253"}],"version-history":[{"count":49,"href":"https:\/\/bobasowo.com.pl\/majdanska\/wp-json\/wp\/v2\/pages\/253\/revisions"}],"predecessor-version":[{"id":643,"href":"https:\/\/bobasowo.com.pl\/majdanska\/wp-json\/wp\/v2\/pages\/253\/revisions\/643"}],"wp:attachment":[{"href":"https:\/\/bobasowo.com.pl\/majdanska\/wp-json\/wp\/v2\/media?parent=253"}],"curies":[{"name":"wp","href":"https:\/\/api.w.org\/{rel}","templated":true}]}}